{"id":17871,"date":"2025-07-17T08:26:30","date_gmt":"2025-07-17T08:26:30","guid":{"rendered":"https:\/\/lssuperlatives.de\/?page_id=17871"},"modified":"2025-07-17T08:26:30","modified_gmt":"2025-07-17T08:26:30","slug":"impressum","status":"publish","type":"page","link":"https:\/\/lssuperlatives.de\/en\/impressum\/","title":{"rendered":"Impressum"},"content":{"rendered":"[vc_row type=&#8221;in_container&#8221; full_screen_row_position=&#8221;middle&#8221; column_margin=&#8221;default&#8221; column_direction=&#8221;default&#8221; column_direction_tablet=&#8221;default&#8221; column_direction_phone=&#8221;default&#8221; scene_position=&#8221;center&#8221; text_color=&#8221;dark&#8221; text_align=&#8221;left&#8221; row_border_radius=&#8221;none&#8221; row_border_radius_applies=&#8221;bg&#8221; overflow=&#8221;visible&#8221; overlay_strength=&#8221;0.3&#8243; gradient_direction=&#8221;left_to_right&#8221; shape_divider_position=&#8221;bottom&#8221; bg_image_animation=&#8221;none&#8221;][vc_column column_padding=&#8221;no-extra-padding&#8221; column_padding_tablet=&#8221;inherit&#8221; column_padding_phone=&#8221;inherit&#8221; column_padding_position=&#8221;all&#8221; column_element_direction_desktop=&#8221;default&#8221; column_element_spacing=&#8221;default&#8221; desktop_text_alignment=&#8221;default&#8221; tablet_text_alignment=&#8221;default&#8221; phone_text_alignment=&#8221;default&#8221; background_color_opacity=&#8221;1&#8243; background_hover_color_opacity=&#8221;1&#8243; column_backdrop_filter=&#8221;none&#8221; column_shadow=&#8221;none&#8221; column_border_radius=&#8221;none&#8221; column_link_target=&#8221;_self&#8221; column_position=&#8221;default&#8221; gradient_direction=&#8221;left_to_right&#8221; overlay_strength=&#8221;0.3&#8243; width=&#8221;1\/1&#8243; tablet_width_inherit=&#8221;default&#8221; animation_type=&#8221;default&#8221; bg_image_animation=&#8221;none&#8221; border_type=&#8221;simple&#8221; column_border_width=&#8221;none&#8221; column_border_style=&#8221;solid&#8221;][vc_column_text css=&#8221;&#8221; text_direction=&#8221;default&#8221;]\n<div id=\"page\" class=\"p_9\">\n<div id=\"content_wrap\">\n<div id=\"content\">\n<div id=\"c34\" class=\"csc-default\">\n<div class=\"csc-header csc-header-n1\">\n<h2 class=\"csc-firstHeader\">Impressum<\/h2>\n<\/div>\n<p>Frechen Stein oHG<br \/>\nKloshaus 19<br \/>\n52499 Baesweiler<br \/>\nTelefon: 02401 89411<br \/>\nFax: 02401 89477<br \/>\n<a>info@frechenstein.de<\/a><\/p>\n<p>&nbsp;<\/p>\n<p><b>Vertretungsberechtigte Gesellschafter:<\/b><\/p>\n<p>J\u00f6rg Frechen<\/p>\n<p>Marcus Frechen<\/p>\n<p><b>Registergericht:<\/b>\u00a0Amtsgericht Aachen<\/p>\n<p><b>Handelsregisternummer:<\/b>\u00a0HRA 5898<\/p>\n<p><b>Umsatzsteuer-Identifikationsnummer:<\/b>\u00a0DE 226981594<\/p>\n<p>&nbsp;<\/p>\n<p><b>Zust\u00e4ndige Aufsichtsbeh\u00f6rde:<\/b><\/p>\n<p>Steinmetz und Steinbildhauer<\/p>\n<p>Handwerkskammer Aachen<\/p>\n<p>Sandkaulbach 21<\/p>\n<p>52062 \u00a0Aachen<\/p>\n<p>Betriebs-NR.: 3047108<\/p>\n<p>&nbsp;<\/p>\n<p><b>verantwortlich f\u00fcr die inhaltliche Umsetzung:<\/b><\/p>\n<p>J\u00f6rg Frechen<\/p>\n<p>&nbsp;<\/p>\n<p><b>Konzeption, Gestaltung, Programmierung:<br \/>\n<a title=\"graphodata AG\" href=\"http:\/\/graphodata.de\/\">graphodata AG, Aachen<\/a><\/b><\/p>\n<p>&nbsp;<\/p>\n<p><b>RECHTLICHE HINWEISE ZUR WEBSEITE<\/b><\/p>\n<p class=\"internal-link\">Alle Texte, Bilder und weiter hier ver\u00f6ffentlichten Informationen unterliegen dem Urheberrecht des Anbieters, soweit nicht Urheberrechte Dritter bestehen. In jedem Fall ist eine Vervielf\u00e4ltigung, Verbreitung oder \u00f6ffentliche Wiedergabe ausschlie\u00dflich im Falle einer widerruflichen und nicht \u00fcbertragbaren Zustimmung des Anbieters gestattet.<\/p>\n<p class=\"internal-link\">Linksetzungen, welche auf die Inhalte der vorliegenden Website verweisen, bed\u00fcrfen der Zustimmung des Anbieters. Eine solche Zustimmung ist bei jeder grundlegenden Ver\u00e4nderung des Inhaltes der Webseite, von welcher die Verlinkung erfolgt, neu zu beantragen, sie kann jederzeit formlos widerrufen werden. Eine Verlinkung von Seiten mit illegalen, anst\u00f6\u00dfigen, irref\u00fchrenden oder diffamierenden Inhalten ist in jedem Fall ausgeschlossen.<\/p>\n<p class=\"internal-link\">Die Inhalte der Webseite werden mit gr\u00f6\u00dfter Sorgfalt erstellt. Dennoch kann keine Garantie f\u00fcr Aktualit\u00e4t und Vollst\u00e4ndigkeit \u00fcbernommen werden.<\/p>\n<p class=\"internal-link\">F\u00fcr alle mittels Querverweis (Link) verbundene Webinhalte \u00fcbernimmt der Anbieter keine Verantwortung, da es sich dabei um keine eigenen Inhalte handelt. Externe Links wurden auf rechtswidrige Inhalte \u00fcberpr\u00fcft, zum Zeitpunkt der Verlinkung waren solche nicht erkennbar. Bez\u00fcglich fremder Inhalte besteht jedoch keine allgemeine \u00dcberwachungs- und Pr\u00fcfungspflicht. Aufgef\u00fchrte Warenzeichen und Markennamen sind Eigentum ihrer jeweiligen Inhaber.<b><\/b><\/p>\n<p><b>1. Inhalt des Onlineangebotes<\/b><\/p>\n<p>Frechen Stein oHG (der Autor) \u00fcbernimmt keinerlei Gew\u00e4hr f\u00fcr die Aktualit\u00e4t, Korrektheit, Vollst\u00e4ndigkeit oder Qualit\u00e4t der bereitgestellten Informationen. Haftungsanspr\u00fcche gegen den Autor, welche sich auf Sch\u00e4den materieller oder ideeller Art beziehen, die durch die Nutzung oder Nichtnutzung der dargebotenen Informationen bzw. durch die Nutzung fehlerhafter und unvollst\u00e4ndiger Informationen verursacht wurden, sind grunds\u00e4tzlich ausgeschlossen, sofern seitens des Autors kein nachweislich vors\u00e4tzliches oder grob fahrl\u00e4ssiges Verschulden vorliegt.<\/p>\n<p>&nbsp;<\/p>\n<p><b>2. Verweise und Links<\/b><\/p>\n<p>Der Autor erkl\u00e4rt ausdr\u00fccklich, dass zum Zeitpunkt der externen Verlinkung keine illegalen Inhalte auf den zu verlinkenden Seiten erkennbar waren. Auf die aktuelle und zuk\u00fcnftige Gestaltung, die Inhalte oder die Urheberschaft der gelinkten\/verkn\u00fcpften Seiten hat der Autor keinerlei Einfluss. Deshalb distanziert er sich hiermit ausdr\u00fccklich von allen Inhalten aller gelinkten \/verkn\u00fcpften Seiten, die nach der Linksetzung ver\u00e4ndert wurden.<\/p>\n<p>&nbsp;<\/p>\n<p><b>3. Urheber- und Kennzeichenrecht<\/b><\/p>\n<p>Das Copyright f\u00fcr ver\u00f6ffentlichte, vom Autor selbst erstellte Inhalte bleibt allein beim Autor der Seiten. Eine Vervielf\u00e4ltigung oder Verwendung solcher Dokumente und Texte in anderen elektronischen oder gedruckten Publikationen ist ohne ausdr\u00fcckliche Zustimmung des Autors nicht gestattet.<\/p>\n<div><\/div>\n<\/div>\n<\/div>\n<div class=\"clear\"><\/div>\n<\/div>\n<\/div>\n<footer id=\"footer\">\n<div id=\"footer_wrap\">\n<div id=\"footer_content\">\n<div id=\"kontaktbox\">\n<div id=\"c212\" class=\"csc-default\"><\/div>\n<\/div>\n<\/div>\n<\/div>\n<\/footer>\n[\/vc_column_text][\/vc_column][\/vc_row]\n","protected":false},"excerpt":{"rendered":"<p>[vc_row type=&#8221;in_container&#8221; full_screen_row_position=&#8221;middle&#8221; column_margin=&#8221;default&#8221; column_direction=&#8221;default&#8221; column_direction_tablet=&#8221;default&#8221; column_direction_phone=&#8221;default&#8221; scene_position=&#8221;center&#8221; text_color=&#8221;dark&#8221; text_align=&#8221;left&#8221; row_border_radius=&#8221;none&#8221; row_border_radius_applies=&#8221;bg&#8221; overflow=&#8221;visible&#8221; overlay_strength=&#8221;0.3&#8243; gradient_direction=&#8221;left_to_right&#8221; shape_divider_position=&#8221;bottom&#8221; bg_image_animation=&#8221;none&#8221;][vc_column column_padding=&#8221;no-extra-padding&#8221; column_padding_tablet=&#8221;inherit&#8221; column_padding_phone=&#8221;inherit&#8221; column_padding_position=&#8221;all&#8221; column_element_direction_desktop=&#8221;default&#8221; column_element_spacing=&#8221;default&#8221; desktop_text_alignment=&#8221;default&#8221; tablet_text_alignment=&#8221;default&#8221; phone_text_alignment=&#8221;default&#8221; background_color_opacity=&#8221;1&#8243; background_hover_color_opacity=&#8221;1&#8243; column_backdrop_filter=&#8221;none&#8221; column_shadow=&#8221;none&#8221;&#8230;<\/p>\n","protected":false},"author":5,"featured_media":0,"parent":0,"menu_order":0,"comment_status":"closed","ping_status":"closed","template":"","meta":{"footnotes":""},"class_list":["post-17871","page","type-page","status-publish"],"_links":{"self":[{"href":"https:\/\/lssuperlatives.de\/en\/wp-json\/wp\/v2\/pages\/17871","targetHints":{"allow":["GET"]}}],"collection":[{"href":"https:\/\/lssuperlatives.de\/en\/wp-json\/wp\/v2\/pages"}],"about":[{"href":"https:\/\/lssuperlatives.de\/en\/wp-json\/wp\/v2\/types\/page"}],"author":[{"embeddable":true,"href":"https:\/\/lssuperlatives.de\/en\/wp-json\/wp\/v2\/users\/5"}],"replies":[{"embeddable":true,"href":"https:\/\/lssuperlatives.de\/en\/wp-json\/wp\/v2\/comments?post=17871"}],"version-history":[{"count":1,"href":"https:\/\/lssuperlatives.de\/en\/wp-json\/wp\/v2\/pages\/17871\/revisions"}],"predecessor-version":[{"id":17872,"href":"https:\/\/lssuperlatives.de\/en\/wp-json\/wp\/v2\/pages\/17871\/revisions\/17872"}],"wp:attachment":[{"href":"https:\/\/lssuperlatives.de\/en\/wp-json\/wp\/v2\/media?parent=17871"}],"curies":[{"name":"wp","href":"https:\/\/api.w.org\/{rel}","templated":true}]}}